{"id":91,"date":"2025-09-16T14:33:44","date_gmt":"2025-09-16T12:33:44","guid":{"rendered":"https:\/\/hg9sbxburkv.preview.infomaniak.website\/?page_id=91"},"modified":"2026-04-03T08:40:59","modified_gmt":"2026-04-03T06:40:59","slug":"adherer","status":"publish","type":"page","link":"https:\/\/snudifo75.com\/","title":{"rendered":"Actualit\u00e9s"},"content":{"rendered":"\n<h2 class=\"wp-block-heading\">Prenez rendez-vous si vous souhaitez \u00eatre accompagn\u00e9 pour le mouvement<\/h2>\n\n\n\n<p>Du mardi 7 avril au vendredi 24 avril, vous pouvez prendre rendez-vous avec nous pour que nous vous aidions \u00e0 faire vos choix pour le mouvement. <\/p>\n\n\n\n<p><\/p>\n\n\n\n<script>\n  if (typeof hasAmeliaEntitiesApiCall === 'undefined' && ('' === '' && '' !== '1')) {\n    var hasAmeliaEntitiesApiCall = true;\n  }\n  var ameliaShortcodeData = (typeof ameliaShortcodeData === 'undefined') ? [] : ameliaShortcodeData;\n  ameliaShortcodeData.push(\n    {\n      'hasApiCall': (typeof hasAmeliaEntitiesApiCall !== 'undefined') && hasAmeliaEntitiesApiCall,\n      'trigger': '',\n      'trigger_type': '',\n      'triggered_form': 'sbsNew',\n      'in_dialog': '',\n      'show': '',\n      'counter': '1000',\n      'category': '',\n      'service': '',\n      'employee': '',\n      'location': '',\n      'package': '',\n      'layout': '1',\n    }\n  );\n\n  var ameliaShortcodeDataTriggered = (typeof ameliaShortcodeDataTriggered === 'undefined') ? [] : ameliaShortcodeDataTriggered;\n  if (ameliaShortcodeData[ameliaShortcodeData.length - 1].trigger !== '') {\n    if (ameliaShortcodeDataTriggered.filter(a => a.counter === ameliaShortcodeData[ameliaShortcodeData.length - 1].counter).length === 0) {\n      ameliaShortcodeDataTriggered.push(ameliaShortcodeData.pop());\n    } else {\n      ameliaShortcodeData.pop()\n    }\n  }\n  if (typeof hasAmeliaEntitiesApiCall !== 'undefined' && hasAmeliaEntitiesApiCall) {\n    hasAmeliaEntitiesApiCall = false;\n  }\n<\/script>\n\n<div\n  id=\"amelia-v2-booking-1000\"\n  class=\"amelia-v2-booking\"\n >\n    <step-form-wrapper><\/step-form-wrapper><\/div>\n\n\n\n<h2 class=\"wp-block-heading\">Mobilisation contre les fermetures de classe<\/h2>\n\n\n\n<p>Organisation de d\u00e9l\u00e9gations le 31 mars au rectorat de Paris (le jour du CSA)<\/p>\n\n\n\n<p>Pour que le syndicat vous accompagne en d\u00e9l\u00e9gation et pour pr\u00e9parer votre d\u00e9l\u00e9gation, contactez-nous par mail : snudifo75@gmail.com<\/p>\n\n\n\n<details class=\"wp-block-details\"><summary><strong><mark style=\"background-color:#cf2e2e\" class=\"has-inline-color has-white-color is-layout-flow wp-block-details-is-layout-flow\">Remplissez l&rsquo;enqu\u00eate carte scolaire<\/mark><\/strong><\/summary>\n<div data-wp-interactive=\"core\/file\" class=\"wp-block-file\"><object data-wp-bind--hidden=\"!state.hasPdfPreview\" hidden class=\"wp-block-file__embed\" data=\"https:\/\/snudifo75.com\/wp-content\/uploads\/2026\/03\/Enquete-Carte-Scolaire-Rentree-2026-n\u00b01-FERMETURE-Modifiable-1.pdf\" type=\"application\/pdf\" style=\"width:100%;height:600px\" aria-label=\"Contenu embarqu\u00e9 Enque\u0302te Carte Scolaire Rentre\u0301e 2026 n\u00b01 FERMETURE - Modifiable (1).\"><\/object><a id=\"wp-block-file--media-a2ad2d28-56a6-4707-9f53-efc8c3af756c\" href=\"https:\/\/snudifo75.com\/wp-content\/uploads\/2026\/03\/Enquete-Carte-Scolaire-Rentree-2026-n\u00b01-FERMETURE-Modifiable-1.pdf\">Enque\u0302te Carte Scolaire Rentre\u0301e 2026 n\u00b01 FERMETURE &#8211; Modifiable (1)<\/a><a href=\"https:\/\/snudifo75.com\/wp-content\/uploads\/2026\/03\/Enquete-Carte-Scolaire-Rentree-2026-n\u00b01-FERMETURE-Modifiable-1.pdf\" class=\"wp-block-file__button wp-element-button\" download aria-describedby=\"wp-block-file--media-a2ad2d28-56a6-4707-9f53-efc8c3af756c\">T\u00e9l\u00e9charger<\/a><\/div>\n<\/details>\n\n\n\n<hr class=\"wp-block-separator has-alpha-channel-opacity\"\/>\n\n\n\n<figure class=\"wp-block-image size-full\"><img loading=\"lazy\" decoding=\"async\" width=\"174\" height=\"173\" src=\"https:\/\/hg9sbxburkv.preview.infomaniak.website\/wp-content\/uploads\/2025\/10\/syndiquez-vous.jpg\" alt=\"\" class=\"wp-image-188\"\/><\/figure>\n\n\n\n<details class=\"wp-block-details\"><summary><mark style=\"background-color:#cf2e2e\" class=\"has-inline-color has-white-color is-layout-flow wp-block-details-is-layout-flow\">Grille d&rsquo;adh\u00e9sion<\/mark><\/summary>\n<div data-wp-interactive=\"core\/file\" class=\"wp-block-file\"><object data-wp-bind--hidden=\"!state.hasPdfPreview\" hidden class=\"wp-block-file__embed\" data=\"https:\/\/hg9sbxburkv.preview.infomaniak.website\/wp-content\/uploads\/2025\/09\/grille-adhesion-2025-2026-1.pdf\" type=\"application\/pdf\" style=\"width:100%;height:600px\" aria-label=\"Contenu embarqu\u00e9 grille adh\u00e9sion 2025-2026.\"><\/object><a id=\"wp-block-file--media-2379b422-991f-4156-9deb-cd3fc7e1b2d9\" href=\"https:\/\/hg9sbxburkv.preview.infomaniak.website\/wp-content\/uploads\/2025\/09\/grille-adhesion-2025-2026-1.pdf\">grille adh\u00e9sion 2025-2026<\/a><a href=\"https:\/\/hg9sbxburkv.preview.infomaniak.website\/wp-content\/uploads\/2025\/09\/grille-adhesion-2025-2026-1.pdf\" class=\"wp-block-file__button wp-element-button\" download aria-describedby=\"wp-block-file--media-2379b422-991f-4156-9deb-cd3fc7e1b2d9\">T\u00e9l\u00e9charger<\/a><\/div>\n<\/details>\n\n\n\n<p><em><strong>66% de la cotisation syndicale est d\u00e9ductible du montant de votre imposition<\/strong><\/em><\/p>\n\n\n\n<ul class=\"wp-block-list\">\n<li>Adh\u00e9rer au SNUDI-FO, c\u2019est affirmer son attachement \u00e0 un syndicalisme authentique, conf\u00e9d\u00e9r\u00e9, qui n\u00e9gocie et revendique en toute ind\u00e9pendance.<\/li>\n\n\n\n<li>Adh\u00e9rer au SNUDI-FO, c\u2019est lui donner les moyens de mettre en oeuvre cette conception pour d\u00e9fendre pied \u00e0 pied les revendications, tous les dossiers, individuels ou collectifs.<\/li>\n\n\n\n<li>Modalit\u00e9s pratiques de paiement de la cotisation<\/li>\n<\/ul>\n\n\n\n<p>Vous pouvez faire jusqu\u2019\u00e0 10 ch\u00e8ques en notant au dos la date \u00e0 laquelle vous souhaitez qu\u2019ils soient d\u00e9bit\u00e9s.<\/p>\n\n\n\n<p>Ne pas oublier de remplir les diff\u00e9rentes rubriques du bulletin d\u2019adh\u00e9sion.<\/p>\n\n\n\n<p>La carte d\u2019adh\u00e9sion est \u00e9tablie en ann\u00e9e civile. Vous la recevrez en d\u00e9but d&rsquo;ann\u00e9e (janvier\/f\u00e9vrier).<\/p>\n\n\n\n<p>Vous recevrez avec la carte, le re\u00e7u fiscal \u00e0 joindre \u00e0 votre d\u00e9claration d\u2019imp\u00f4ts de l&rsquo;ann\u00e9e suivante.<\/p>\n","protected":false},"excerpt":{"rendered":"<div class=\"mh-excerpt\">Prenez rendez-vous si vous souhaitez \u00eatre accompagn\u00e9 pour le mouvement Du mardi 7 avril au vendredi 24 avril, vous pouvez prendre rendez-vous avec nous pour que nous vous aidions \u00e0 faire vos choix pour le <a class=\"mh-excerpt-more\" href=\"https:\/\/snudifo75.com\/\" title=\"Actualit\u00e9s\">[&#8230;]<\/a><\/div>\n","protected":false},"author":2,"featured_media":188,"parent":0,"menu_order":0,"comment_status":"closed","ping_status":"closed","template":"","meta":{"_price":"","_stock":"","_tribe_ticket_header":"","_tribe_default_ticket_provider":"","_tribe_ticket_capacity":"0","_ticket_start_date":"","_ticket_end_date":"","_tribe_ticket_show_description":"","_tribe_ticket_show_not_going":false,"_tribe_ticket_use_global_stock":"","_tribe_ticket_global_stock_level":"","_global_stock_mode":"","_global_stock_cap":"","_tribe_rsvp_for_event":"","_tribe_ticket_going_count":"","_tribe_ticket_not_going_count":"","_tribe_tickets_list":"[]","_tribe_ticket_has_attendee_info_fields":false,"footnotes":"","_tec_slr_enabled":"","_tec_slr_layout":""},"class_list":["post-91","page","type-page","status-publish","has-post-thumbnail"],"ticketed":false,"_links":{"self":[{"href":"https:\/\/snudifo75.com\/index.php\/wp-json\/wp\/v2\/pages\/91","targetHints":{"allow":["GET"]}}],"collection":[{"href":"https:\/\/snudifo75.com\/index.php\/wp-json\/wp\/v2\/pages"}],"about":[{"href":"https:\/\/snudifo75.com\/index.php\/wp-json\/wp\/v2\/types\/page"}],"author":[{"embeddable":true,"href":"https:\/\/snudifo75.com\/index.php\/wp-json\/wp\/v2\/users\/2"}],"replies":[{"embeddable":true,"href":"https:\/\/snudifo75.com\/index.php\/wp-json\/wp\/v2\/comments?post=91"}],"version-history":[{"count":8,"href":"https:\/\/snudifo75.com\/index.php\/wp-json\/wp\/v2\/pages\/91\/revisions"}],"predecessor-version":[{"id":517,"href":"https:\/\/snudifo75.com\/index.php\/wp-json\/wp\/v2\/pages\/91\/revisions\/517"}],"wp:featuredmedia":[{"embeddable":true,"href":"https:\/\/snudifo75.com\/index.php\/wp-json\/wp\/v2\/media\/188"}],"wp:attachment":[{"href":"https:\/\/snudifo75.com\/index.php\/wp-json\/wp\/v2\/media?parent=91"}],"curies":[{"name":"wp","href":"https:\/\/api.w.org\/{rel}","templated":true}]}}